{"id":124,"date":"2025-03-07T17:52:50","date_gmt":"2025-03-07T16:52:50","guid":{"rendered":"https:\/\/asconsulting.sa.com\/?page_id=124"},"modified":"2025-03-07T18:51:10","modified_gmt":"2025-03-07T17:51:10","slug":"chauffage-ventilation-climatisation","status":"publish","type":"page","link":"https:\/\/asconsulting.sa.com\/index.php\/chauffage-ventilation-climatisation\/","title":{"rendered":"NOTRE ACTIVITE"},"content":{"rendered":"\n<p><strong>CHAUFFAGE &#8211; VENTILATION &#8211; CLIMATISATION (HVAC)<\/strong><\/p>\n\n\n\n<p>Nous r\u00e9alisons tous types de syst\u00e8mes de chauffage, de refroidissement, de ventilation et de r\u00e9gulation de l\u2019air pour assurer une temp\u00e9rature et une qualit\u00e9 d\u2019air ad\u00e9quates.<\/p>\n\n\n\n<p><strong>SANITAIRE<\/strong><\/p>\n\n\n\n<p>Nous r\u00e9alisons tous types de syst\u00e8mes de plomberie, y compris les conduites d\u2019eau, les syst\u00e8mes d\u2019\u00e9vacuation des eaux us\u00e9es (PVC et PEHD), les installations sanitaires, les syst\u00e8mes de traitement de l\u2019eau et la r\u00e9cup\u00e9ration des eaux pluviales. <\/p>\n\n\n\n<p><strong>ELECTRICITE<\/strong><\/p>\n\n\n\n<p>Nous r\u00e9alisons tous types de syst\u00e8mes de distribution \u00e9lectrique, d\u2019\u00e9clairage int\u00e9rieur et ext\u00e9rieur, des syst\u00e8mes d\u2019alimentation de secours, \u2026 <\/p>\n\n\n\n<p>Nous veillons \u00e0 ce que les installations \u00e9lectriques soient conformes aux normes de s\u00e9curit\u00e9 et aux r\u00e9glementations en vigueur.<\/p>\n\n\n\n<p><strong>PROTECTION INCENDIE<\/strong><\/p>\n\n\n\n<p>Nous r\u00e9alisons les syst\u00e8mes de d\u00e9senfumage, de sprinklage et des r\u00e9seaux de distribution d\u2019eau incendie.<\/p>\n\n\n\n<hr class=\"wp-block-separator has-alpha-channel-opacity\"\/>\n\n\n\n<p><\/p>\n","protected":false},"excerpt":{"rendered":"<p>CHAUFFAGE &#8211; VENTILATION &#8211; CLIMATISATION (HVAC) Nous r\u00e9alisons tous types de syst\u00e8mes de chauffage, de refroidissement, de ventilation et de r\u00e9gulation de l\u2019air pour assurer une temp\u00e9rature et une qualit\u00e9 d\u2019air ad\u00e9quates. SANITAIRE Nous r\u00e9alisons tous types de syst\u00e8mes de plomberie, y compris les conduites d\u2019eau, les syst\u00e8mes d\u2019\u00e9vacuation des [&hellip;]<\/p>\n","protected":false},"author":1,"featured_media":0,"parent":0,"menu_order":0,"comment_status":"closed","ping_status":"closed","template":"","meta":{"footnotes":""},"class_list":["post-124","page","type-page","status-publish","hentry"],"_links":{"self":[{"href":"https:\/\/asconsulting.sa.com\/index.php\/wp-json\/wp\/v2\/pages\/124","targetHints":{"allow":["GET"]}}],"collection":[{"href":"https:\/\/asconsulting.sa.com\/index.php\/wp-json\/wp\/v2\/pages"}],"about":[{"href":"https:\/\/asconsulting.sa.com\/index.php\/wp-json\/wp\/v2\/types\/page"}],"author":[{"embeddable":true,"href":"https:\/\/asconsulting.sa.com\/index.php\/wp-json\/wp\/v2\/users\/1"}],"replies":[{"embeddable":true,"href":"https:\/\/asconsulting.sa.com\/index.php\/wp-json\/wp\/v2\/comments?post=124"}],"version-history":[{"count":11,"href":"https:\/\/asconsulting.sa.com\/index.php\/wp-json\/wp\/v2\/pages\/124\/revisions"}],"predecessor-version":[{"id":142,"href":"https:\/\/asconsulting.sa.com\/index.php\/wp-json\/wp\/v2\/pages\/124\/revisions\/142"}],"wp:attachment":[{"href":"https:\/\/asconsulting.sa.com\/index.php\/wp-json\/wp\/v2\/media?parent=124"}],"curies":[{"name":"wp","href":"https:\/\/api.w.org\/{rel}","templated":true}]}}