{"id":88,"date":"2025-03-07T17:14:08","date_gmt":"2025-03-07T16:14:08","guid":{"rendered":"https:\/\/asconsulting.sa.com\/?page_id=88"},"modified":"2025-03-07T17:26:25","modified_gmt":"2025-03-07T16:26:25","slug":"chauffage-par-le-sol","status":"publish","type":"page","link":"https:\/\/asconsulting.sa.com\/index.php\/chauffage-par-le-sol\/","title":{"rendered":"CHAUFFAGE PAR LE SOL"},"content":{"rendered":"\n<p><strong>Nous r\u00e9alisons tous types de chauffage par le sol&#8230;<\/strong><\/p>\n\n\n\n<div style=\"height:10px\" aria-hidden=\"true\" class=\"wp-block-spacer\"><\/div>\n\n\n\n<p><strong>R\u00e9alisation d\u2019un Syst\u00e8me Tacker<\/strong><\/p>\n\n\n\n<p>Il s&rsquo;agit d&rsquo;un syst\u00e8me de chauffage par le sol o\u00f9 le tube est fix\u00e9 au moyen d\u2019agrafes Tacker sur une mousse PU ou plaques isolantes.<\/p>\n\n\n\n<figure class=\"wp-block-gallery has-nested-images columns-default is-cropped wp-block-gallery-1 is-layout-flex wp-block-gallery-is-layout-flex\">\n<figure class=\"wp-block-image size-large\"><img loading=\"lazy\" decoding=\"async\" width=\"768\" height=\"1024\" data-id=\"101\" src=\"https:\/\/asconsulting.sa.com\/wp-content\/uploads\/2025\/03\/tac5-768x1024.jpg\" alt=\"\" class=\"wp-image-101\" srcset=\"https:\/\/asconsulting.sa.com\/wp-content\/uploads\/2025\/03\/tac5-768x1024.jpg 768w, https:\/\/asconsulting.sa.com\/wp-content\/uploads\/2025\/03\/tac5-225x300.jpg 225w, https:\/\/asconsulting.sa.com\/wp-content\/uploads\/2025\/03\/tac5-1152x1536.jpg 1152w, https:\/\/asconsulting.sa.com\/wp-content\/uploads\/2025\/03\/tac5.jpg 1536w\" sizes=\"auto, (max-width: 768px) 100vw, 768px\" \/><\/figure>\n\n\n\n<figure class=\"wp-block-image size-large\"><img loading=\"lazy\" decoding=\"async\" width=\"768\" height=\"1024\" data-id=\"98\" src=\"https:\/\/asconsulting.sa.com\/wp-content\/uploads\/2025\/03\/tac1-768x1024.jpg\" alt=\"\" class=\"wp-image-98\" srcset=\"https:\/\/asconsulting.sa.com\/wp-content\/uploads\/2025\/03\/tac1-768x1024.jpg 768w, https:\/\/asconsulting.sa.com\/wp-content\/uploads\/2025\/03\/tac1-225x300.jpg 225w, https:\/\/asconsulting.sa.com\/wp-content\/uploads\/2025\/03\/tac1-1152x1536.jpg 1152w, https:\/\/asconsulting.sa.com\/wp-content\/uploads\/2025\/03\/tac1.jpg 1200w\" sizes=\"auto, (max-width: 768px) 100vw, 768px\" \/><\/figure>\n\n\n\n<figure class=\"wp-block-image size-large\"><img loading=\"lazy\" decoding=\"async\" width=\"768\" height=\"1024\" data-id=\"99\" src=\"https:\/\/asconsulting.sa.com\/wp-content\/uploads\/2025\/03\/tac2-768x1024.jpg\" alt=\"\" class=\"wp-image-99\" srcset=\"https:\/\/asconsulting.sa.com\/wp-content\/uploads\/2025\/03\/tac2-768x1024.jpg 768w, https:\/\/asconsulting.sa.com\/wp-content\/uploads\/2025\/03\/tac2-225x300.jpg 225w, https:\/\/asconsulting.sa.com\/wp-content\/uploads\/2025\/03\/tac2-1152x1536.jpg 1152w, https:\/\/asconsulting.sa.com\/wp-content\/uploads\/2025\/03\/tac2.jpg 1200w\" sizes=\"auto, (max-width: 768px) 100vw, 768px\" \/><\/figure>\n<\/figure>\n\n\n\n<div style=\"height:30px\" aria-hidden=\"true\" class=\"wp-block-spacer\"><\/div>\n\n\n\n<p><strong>R\u00e9alisation d\u2019un Syst\u00e8me Treillis<\/strong><\/p>\n\n\n\n<p>Il s&rsquo;agit d&rsquo;un syst\u00e8me de chauffage par le sol o\u00f9 le tube est mont\u00e9 sur un treillis au moyen d&rsquo;un fil \u00e0 lier. Le treillis est disponible en trames 10 x 10 cm et 15 x 15 cm.<\/p>\n\n\n\n<figure class=\"wp-block-gallery has-nested-images columns-default is-cropped wp-block-gallery-2 is-layout-flex wp-block-gallery-is-layout-flex\">\n<figure class=\"wp-block-image size-large\"><img loading=\"lazy\" decoding=\"async\" width=\"576\" height=\"1024\" data-id=\"103\" src=\"https:\/\/asconsulting.sa.com\/wp-content\/uploads\/2025\/03\/tre1-576x1024.jpg\" alt=\"\" class=\"wp-image-103\" srcset=\"https:\/\/asconsulting.sa.com\/wp-content\/uploads\/2025\/03\/tre1-576x1024.jpg 576w, https:\/\/asconsulting.sa.com\/wp-content\/uploads\/2025\/03\/tre1-169x300.jpg 169w, https:\/\/asconsulting.sa.com\/wp-content\/uploads\/2025\/03\/tre1-768x1365.jpg 768w, https:\/\/asconsulting.sa.com\/wp-content\/uploads\/2025\/03\/tre1-864x1536.jpg 864w, https:\/\/asconsulting.sa.com\/wp-content\/uploads\/2025\/03\/tre1.jpg 1152w\" sizes=\"auto, (max-width: 576px) 100vw, 576px\" \/><\/figure>\n\n\n\n<figure class=\"wp-block-image size-large\"><img loading=\"lazy\" decoding=\"async\" width=\"576\" height=\"1024\" data-id=\"105\" src=\"https:\/\/asconsulting.sa.com\/wp-content\/uploads\/2025\/03\/tre4-576x1024.jpg\" alt=\"\" class=\"wp-image-105\" srcset=\"https:\/\/asconsulting.sa.com\/wp-content\/uploads\/2025\/03\/tre4-576x1024.jpg 576w, https:\/\/asconsulting.sa.com\/wp-content\/uploads\/2025\/03\/tre4-169x300.jpg 169w, https:\/\/asconsulting.sa.com\/wp-content\/uploads\/2025\/03\/tre4-768x1365.jpg 768w, https:\/\/asconsulting.sa.com\/wp-content\/uploads\/2025\/03\/tre4-864x1536.jpg 864w, https:\/\/asconsulting.sa.com\/wp-content\/uploads\/2025\/03\/tre4.jpg 1152w\" sizes=\"auto, (max-width: 576px) 100vw, 576px\" \/><\/figure>\n\n\n\n<figure class=\"wp-block-image size-large\"><img loading=\"lazy\" decoding=\"async\" width=\"576\" height=\"1024\" data-id=\"106\" src=\"https:\/\/asconsulting.sa.com\/wp-content\/uploads\/2025\/03\/tre6-576x1024.jpg\" alt=\"\" class=\"wp-image-106\" srcset=\"https:\/\/asconsulting.sa.com\/wp-content\/uploads\/2025\/03\/tre6-576x1024.jpg 576w, https:\/\/asconsulting.sa.com\/wp-content\/uploads\/2025\/03\/tre6-169x300.jpg 169w, https:\/\/asconsulting.sa.com\/wp-content\/uploads\/2025\/03\/tre6-768x1365.jpg 768w, https:\/\/asconsulting.sa.com\/wp-content\/uploads\/2025\/03\/tre6-864x1536.jpg 864w, https:\/\/asconsulting.sa.com\/wp-content\/uploads\/2025\/03\/tre6.jpg 1152w\" sizes=\"auto, (max-width: 576px) 100vw, 576px\" \/><\/figure>\n<\/figure>\n\n\n\n<div style=\"height:30px\" aria-hidden=\"true\" class=\"wp-block-spacer\"><\/div>\n\n\n\n<p><strong>R\u00e9alisation d\u2019un Syst\u00e8me plaque \u00e0 plots<\/strong><\/p>\n\n\n\n<p>Il s&rsquo;agit d\u2019un syst\u00e8me de chauffage par le sol o\u00f9 le tube se monte dans une plaque \u00e0 plots pr\u00e9form\u00e9e. L&rsquo;important est de poser la plaque \u00e0 plots sur un support totalement plat. On peut pr\u00e9voir au maximum une couche d&rsquo;isolation suppl\u00e9mentaire sous la plaque.<\/p>\n\n\n<div class=\"wp-block-image\">\n<figure class=\"aligncenter size-full\"><img loading=\"lazy\" decoding=\"async\" width=\"620\" height=\"350\" src=\"https:\/\/asconsulting.sa.com\/wp-content\/uploads\/2025\/03\/IMG-20250307-WA0002-1.jpg\" alt=\"\" class=\"wp-image-111\" srcset=\"https:\/\/asconsulting.sa.com\/wp-content\/uploads\/2025\/03\/IMG-20250307-WA0002-1.jpg 620w, https:\/\/asconsulting.sa.com\/wp-content\/uploads\/2025\/03\/IMG-20250307-WA0002-1-300x169.jpg 300w\" sizes=\"auto, (max-width: 620px) 100vw, 620px\" \/><\/figure>\n<\/div>\n\n\n<div style=\"height:30px\" aria-hidden=\"true\" class=\"wp-block-spacer\"><\/div>\n\n\n\n<p><strong>R\u00e9alisation d\u2019un Syst\u00e8me Rainurage<\/strong><\/p>\n\n\n\n<p>Le syst\u00e8me de rainurage est la solution id\u00e9ale pour installer le chauffage par le sol dans des pi\u00e8ces qui n&rsquo;\u00e9taient pas initialement \u00e9quip\u00e9es pour cela. Ce syst\u00e8me, qui consiste \u00e0 rainurer des tranch\u00e9es dans la chape de ciment sans d\u00e9gagement de poussi\u00e8re, convient parfaitement aux projets de r\u00e9novation, mais aussi aux nouvelles maisons livr\u00e9es en gros \u0153uvre ferm\u00e9. Le chauffage par le sol peut \u00eatre choisi jusqu&rsquo;au tout dernier moment, juste <a><\/a>avant la finition du sol.<\/p>\n\n\n\n<figure class=\"wp-block-gallery has-nested-images columns-default is-cropped wp-block-gallery-3 is-layout-flex wp-block-gallery-is-layout-flex\">\n<figure class=\"wp-block-image size-large\"><img loading=\"lazy\" decoding=\"async\" width=\"768\" height=\"1024\" data-id=\"112\" src=\"https:\/\/asconsulting.sa.com\/wp-content\/uploads\/2025\/03\/rai1-768x1024.jpg\" alt=\"\" class=\"wp-image-112\" srcset=\"https:\/\/asconsulting.sa.com\/wp-content\/uploads\/2025\/03\/rai1-768x1024.jpg 768w, https:\/\/asconsulting.sa.com\/wp-content\/uploads\/2025\/03\/rai1-225x300.jpg 225w, https:\/\/asconsulting.sa.com\/wp-content\/uploads\/2025\/03\/rai1-1152x1536.jpg 1152w, https:\/\/asconsulting.sa.com\/wp-content\/uploads\/2025\/03\/rai1.jpg 1536w\" sizes=\"auto, (max-width: 768px) 100vw, 768px\" \/><\/figure>\n\n\n\n<figure class=\"wp-block-image size-large\"><img loading=\"lazy\" decoding=\"async\" width=\"576\" height=\"1024\" data-id=\"113\" src=\"https:\/\/asconsulting.sa.com\/wp-content\/uploads\/2025\/03\/rai2-576x1024.jpg\" alt=\"\" class=\"wp-image-113\" srcset=\"https:\/\/asconsulting.sa.com\/wp-content\/uploads\/2025\/03\/rai2-576x1024.jpg 576w, https:\/\/asconsulting.sa.com\/wp-content\/uploads\/2025\/03\/rai2-169x300.jpg 169w, https:\/\/asconsulting.sa.com\/wp-content\/uploads\/2025\/03\/rai2-768x1365.jpg 768w, https:\/\/asconsulting.sa.com\/wp-content\/uploads\/2025\/03\/rai2-864x1536.jpg 864w, https:\/\/asconsulting.sa.com\/wp-content\/uploads\/2025\/03\/rai2.jpg 1152w\" sizes=\"auto, (max-width: 576px) 100vw, 576px\" \/><\/figure>\n\n\n\n<figure class=\"wp-block-image size-large\"><img loading=\"lazy\" decoding=\"async\" width=\"1024\" height=\"768\" data-id=\"114\" src=\"https:\/\/asconsulting.sa.com\/wp-content\/uploads\/2025\/03\/rai3-1024x768.jpg\" alt=\"\" class=\"wp-image-114\" srcset=\"https:\/\/asconsulting.sa.com\/wp-content\/uploads\/2025\/03\/rai3-1024x768.jpg 1024w, https:\/\/asconsulting.sa.com\/wp-content\/uploads\/2025\/03\/rai3-300x225.jpg 300w, https:\/\/asconsulting.sa.com\/wp-content\/uploads\/2025\/03\/rai3-768x576.jpg 768w, https:\/\/asconsulting.sa.com\/wp-content\/uploads\/2025\/03\/rai3-1536x1152.jpg 1536w, https:\/\/asconsulting.sa.com\/wp-content\/uploads\/2025\/03\/rai3.jpg 1600w\" sizes=\"auto, (max-width: 1024px) 100vw, 1024px\" \/><\/figure>\n<\/figure>\n\n\n\n<div style=\"height:30px\" aria-hidden=\"true\" class=\"wp-block-spacer\"><\/div>\n\n\n\n<p><strong>R\u00e9alisation d\u2019un Syst\u00e8me Secor<\/strong><\/p>\n\n\n\n<p>Il s&rsquo;agit d&rsquo;un syst\u00e8me de chauffage par le sol utilis\u00e9 dans le cas d&rsquo;une faible hauteur d&rsquo;installation. C&rsquo;est un syst\u00e8me l\u00e9ger qui est id\u00e9al pour les endroits o\u00f9 le support est moins solide (comme dans le cas d&rsquo;une ossature).<\/p>\n\n\n\n<figure class=\"wp-block-image size-full\"><img loading=\"lazy\" decoding=\"async\" width=\"900\" height=\"507\" src=\"http:\/\/asconsulting.sa.com\/wp-content\/uploads\/2025\/03\/IMG-20250307-WA0001.jpg\" alt=\"\" class=\"wp-image-96\" srcset=\"https:\/\/asconsulting.sa.com\/wp-content\/uploads\/2025\/03\/IMG-20250307-WA0001.jpg 900w, https:\/\/asconsulting.sa.com\/wp-content\/uploads\/2025\/03\/IMG-20250307-WA0001-300x169.jpg 300w, https:\/\/asconsulting.sa.com\/wp-content\/uploads\/2025\/03\/IMG-20250307-WA0001-768x433.jpg 768w\" sizes=\"auto, (max-width: 900px) 100vw, 900px\" \/><\/figure>\n\n\n\n<div style=\"height:30px\" aria-hidden=\"true\" class=\"wp-block-spacer\"><\/div>\n","protected":false},"excerpt":{"rendered":"<p>Nous r\u00e9alisons tous types de chauffage par le sol&#8230; R\u00e9alisation d\u2019un Syst\u00e8me Tacker Il s&rsquo;agit d&rsquo;un syst\u00e8me de chauffage par le sol o\u00f9 le tube est fix\u00e9 au moyen d\u2019agrafes Tacker sur une mousse PU ou plaques isolantes. R\u00e9alisation d\u2019un Syst\u00e8me Treillis Il s&rsquo;agit d&rsquo;un syst\u00e8me de chauffage par le [&hellip;]<\/p>\n","protected":false},"author":1,"featured_media":0,"parent":0,"menu_order":0,"comment_status":"closed","ping_status":"closed","template":"","meta":{"footnotes":""},"class_list":["post-88","page","type-page","status-publish","hentry"],"_links":{"self":[{"href":"https:\/\/asconsulting.sa.com\/index.php\/wp-json\/wp\/v2\/pages\/88","targetHints":{"allow":["GET"]}}],"collection":[{"href":"https:\/\/asconsulting.sa.com\/index.php\/wp-json\/wp\/v2\/pages"}],"about":[{"href":"https:\/\/asconsulting.sa.com\/index.php\/wp-json\/wp\/v2\/types\/page"}],"author":[{"embeddable":true,"href":"https:\/\/asconsulting.sa.com\/index.php\/wp-json\/wp\/v2\/users\/1"}],"replies":[{"embeddable":true,"href":"https:\/\/asconsulting.sa.com\/index.php\/wp-json\/wp\/v2\/comments?post=88"}],"version-history":[{"count":5,"href":"https:\/\/asconsulting.sa.com\/index.php\/wp-json\/wp\/v2\/pages\/88\/revisions"}],"predecessor-version":[{"id":122,"href":"https:\/\/asconsulting.sa.com\/index.php\/wp-json\/wp\/v2\/pages\/88\/revisions\/122"}],"wp:attachment":[{"href":"https:\/\/asconsulting.sa.com\/index.php\/wp-json\/wp\/v2\/media?parent=88"}],"curies":[{"name":"wp","href":"https:\/\/api.w.org\/{rel}","templated":true}]}}